{"id":74,"date":"2017-05-24T13:08:32","date_gmt":"2017-05-24T11:08:32","guid":{"rendered":"http:\/\/www.foltin.at\/wp\/?page_id=74"},"modified":"2017-05-26T09:00:47","modified_gmt":"2017-05-26T07:00:47","slug":"restaurant","status":"publish","type":"page","link":"http:\/\/www.foltin.at\/wp\/?page_id=74","title":{"rendered":"Restaurant"},"content":{"rendered":"<div class=\"entry-content\">\n<p>Genie\u00dfen Sie gehobene K\u00fcche mit immer neuen Tageskreationen des K\u00fcchenchefs in unserem Restaurant. Unser Festsaal ist f\u00fcr private und gesch\u00e4ftliche Feiern optimal ausgerichtet. Ob Familiengeburtstag, Tauffeier, Hochzeitsgesellschaft oder Firmenevent mit bis zu 200 Personen, im Gasthof zum T\u00fcrkentor wird jedes Fest zum unvergesslichen Ereignis. Wir beliefern Sie mit unseren kulinarischen Highlights auch gerne im Catering-Service.<\/p>\n<p><img loading=\"lazy\" decoding=\"async\" class=\"alignnone wp-image-29\" src=\"http:\/\/www.foltin.at\/wp\/wp-content\/uploads\/2016\/03\/15-300x188.jpg\" alt=\"\" width=\"640\" height=\"400\" srcset=\"http:\/\/www.foltin.at\/wp\/wp-content\/uploads\/2016\/03\/15-300x188.jpg 300w, http:\/\/www.foltin.at\/wp\/wp-content\/uploads\/2016\/03\/15-768x480.jpg 768w, http:\/\/www.foltin.at\/wp\/wp-content\/uploads\/2016\/03\/15-1024x640.jpg 1024w, http:\/\/www.foltin.at\/wp\/wp-content\/uploads\/2016\/03\/15.jpg 1280w\" sizes=\"(max-width: 640px) 100vw, 640px\" \/> <img loading=\"lazy\" decoding=\"async\" class=\"alignnone wp-image-28\" src=\"http:\/\/www.foltin.at\/wp\/wp-content\/uploads\/2016\/03\/14-300x188.jpg\" alt=\"\" width=\"640\" height=\"400\" srcset=\"http:\/\/www.foltin.at\/wp\/wp-content\/uploads\/2016\/03\/14-300x188.jpg 300w, http:\/\/www.foltin.at\/wp\/wp-content\/uploads\/2016\/03\/14-768x480.jpg 768w, http:\/\/www.foltin.at\/wp\/wp-content\/uploads\/2016\/03\/14-1024x640.jpg 1024w, http:\/\/www.foltin.at\/wp\/wp-content\/uploads\/2016\/03\/14.jpg 1280w\" sizes=\"(max-width: 640px) 100vw, 640px\" \/><\/p>\n<\/div>\n","protected":false},"excerpt":{"rendered":"<p>Genie\u00dfen Sie gehobene K\u00fcche mit immer neuen Tageskreationen des K\u00fcchenchefs in unserem Restaurant. Unser Festsaal ist f\u00fcr private und gesch\u00e4ftliche Feiern optimal ausgerichtet. Ob Familiengeburtstag, Tauffeier, Hochzeitsgesellschaft oder Firmenevent mit bis zu 200 Personen, im Gasthof zum T\u00fcrkentor wird jedes Fest zum unvergesslichen Ereignis. Wir beliefern Sie mit unseren kulinarischen Highlights auch gerne im Catering-Service.<\/p>\n","protected":false},"author":1,"featured_media":142,"parent":0,"menu_order":0,"comment_status":"closed","ping_status":"closed","template":"","meta":{"footnotes":""},"_links":{"self":[{"href":"http:\/\/www.foltin.at\/wp\/index.php?rest_route=\/wp\/v2\/pages\/74"}],"collection":[{"href":"http:\/\/www.foltin.at\/wp\/index.php?rest_route=\/wp\/v2\/pages"}],"about":[{"href":"http:\/\/www.foltin.at\/wp\/index.php?rest_route=\/wp\/v2\/types\/page"}],"author":[{"embeddable":true,"href":"http:\/\/www.foltin.at\/wp\/index.php?rest_route=\/wp\/v2\/users\/1"}],"replies":[{"embeddable":true,"href":"http:\/\/www.foltin.at\/wp\/index.php?rest_route=%2Fwp%2Fv2%2Fcomments&post=74"}],"version-history":[{"count":7,"href":"http:\/\/www.foltin.at\/wp\/index.php?rest_route=\/wp\/v2\/pages\/74\/revisions"}],"predecessor-version":[{"id":76,"href":"http:\/\/www.foltin.at\/wp\/index.php?rest_route=\/wp\/v2\/pages\/74\/revisions\/76"}],"wp:featuredmedia":[{"embeddable":true,"href":"http:\/\/www.foltin.at\/wp\/index.php?rest_route=\/wp\/v2\/media\/142"}],"wp:attachment":[{"href":"http:\/\/www.foltin.at\/wp\/index.php?rest_route=%2Fwp%2Fv2%2Fmedia&parent=74"}],"curies":[{"name":"wp","href":"https:\/\/api.w.org\/{rel}","templated":true}]}}