{"id":88,"date":"2017-05-24T13:24:39","date_gmt":"2017-05-24T11:24:39","guid":{"rendered":"http:\/\/www.foltin.at\/wp\/?page_id=88"},"modified":"2017-05-26T11:09:33","modified_gmt":"2017-05-26T09:09:33","slug":"weinbau","status":"publish","type":"page","link":"http:\/\/www.foltin.at\/wp\/?page_id=88","title":{"rendered":"Weinbau"},"content":{"rendered":"<p>Auf 4 Hektar Rebfl\u00e4che in den besten Lagen wachsen und gedeihen unsere erlesenen wei\u00dfen und roten Rebsorten. Die fruchtbaren b\u00f6den des Leithagebirges, die sonnigen H\u00e4nge sowie das milde Klima des Neusiedler Sees bieten hervorragende klimatische Bedingungen, um ideal reifen zu k\u00f6nnen.<\/p>\n<p>Die Weine k\u00f6nnen sowohl im Lokal als auch Ab-Hof erworben werden.<\/p>\n<h4>Rotweinsorten:<\/h4>\n<ul>\n<li>Zweigelt<\/li>\n<li>Blaufr\u00e4nkisch<\/li>\n<li>Cabernet Sauvignon<\/li>\n<li>Cuvee &#8222;Armante&#8220;<\/li>\n<\/ul>\n<h4>Wei\u00dfweinsorten:<\/h4>\n<ul>\n<li>Gr\u00fcner Veltliner<\/li>\n<li>Welschriesling<\/li>\n<li>Wei\u00dfburgunder<\/li>\n<li>Grauburgunder<\/li>\n<li>Chardonnay<\/li>\n<li>Neuburger<\/li>\n<li>&#8222;Amoroso&#8220;<\/li>\n<li>Frizzante<\/li>\n<\/ul>\n<p><img loading=\"lazy\" decoding=\"async\" class=\"alignnone wp-image-151\" src=\"http:\/\/www.foltin.at\/wp\/wp-content\/uploads\/2017\/05\/2-3-1024x640.jpg\" alt=\"\" width=\"640\" height=\"400\" srcset=\"http:\/\/www.foltin.at\/wp\/wp-content\/uploads\/2017\/05\/2-3-1024x640.jpg 1024w, http:\/\/www.foltin.at\/wp\/wp-content\/uploads\/2017\/05\/2-3-300x188.jpg 300w, http:\/\/www.foltin.at\/wp\/wp-content\/uploads\/2017\/05\/2-3-768x480.jpg 768w, http:\/\/www.foltin.at\/wp\/wp-content\/uploads\/2017\/05\/2-3.jpg 1280w\" sizes=\"(max-width: 640px) 100vw, 640px\" \/> <img loading=\"lazy\" decoding=\"async\" class=\"alignnone wp-image-156\" src=\"http:\/\/www.foltin.at\/wp\/wp-content\/uploads\/2017\/05\/7-2-1024x640.jpg\" alt=\"\" width=\"640\" height=\"400\" srcset=\"http:\/\/www.foltin.at\/wp\/wp-content\/uploads\/2017\/05\/7-2-1024x640.jpg 1024w, http:\/\/www.foltin.at\/wp\/wp-content\/uploads\/2017\/05\/7-2-300x188.jpg 300w, http:\/\/www.foltin.at\/wp\/wp-content\/uploads\/2017\/05\/7-2-768x480.jpg 768w, http:\/\/www.foltin.at\/wp\/wp-content\/uploads\/2017\/05\/7-2.jpg 1280w\" sizes=\"(max-width: 640px) 100vw, 640px\" \/><\/p>\n","protected":false},"excerpt":{"rendered":"<p>Auf 4 Hektar Rebfl\u00e4che in den besten Lagen wachsen und gedeihen unsere erlesenen wei\u00dfen und roten Rebsorten. Die fruchtbaren b\u00f6den des Leithagebirges, die sonnigen H\u00e4nge sowie das milde Klima des Neusiedler Sees bieten hervorragende klimatische Bedingungen, um ideal reifen zu k\u00f6nnen. Die Weine k\u00f6nnen sowohl im Lokal als auch Ab-Hof erworben werden. Rotweinsorten: Zweigelt Blaufr\u00e4nkisch &hellip; <\/p>\n<p class=\"link-more\"><a href=\"http:\/\/www.foltin.at\/wp\/?page_id=88\" class=\"more-link\"><span class=\"screen-reader-text\">\u201eWeinbau\u201c<\/span> weiterlesen<\/a><\/p>\n","protected":false},"author":1,"featured_media":152,"parent":0,"menu_order":0,"comment_status":"closed","ping_status":"closed","template":"","meta":{"footnotes":""},"_links":{"self":[{"href":"http:\/\/www.foltin.at\/wp\/index.php?rest_route=\/wp\/v2\/pages\/88"}],"collection":[{"href":"http:\/\/www.foltin.at\/wp\/index.php?rest_route=\/wp\/v2\/pages"}],"about":[{"href":"http:\/\/www.foltin.at\/wp\/index.php?rest_route=\/wp\/v2\/types\/page"}],"author":[{"embeddable":true,"href":"http:\/\/www.foltin.at\/wp\/index.php?rest_route=\/wp\/v2\/users\/1"}],"replies":[{"embeddable":true,"href":"http:\/\/www.foltin.at\/wp\/index.php?rest_route=%2Fwp%2Fv2%2Fcomments&post=88"}],"version-history":[{"count":5,"href":"http:\/\/www.foltin.at\/wp\/index.php?rest_route=\/wp\/v2\/pages\/88\/revisions"}],"predecessor-version":[{"id":173,"href":"http:\/\/www.foltin.at\/wp\/index.php?rest_route=\/wp\/v2\/pages\/88\/revisions\/173"}],"wp:featuredmedia":[{"embeddable":true,"href":"http:\/\/www.foltin.at\/wp\/index.php?rest_route=\/wp\/v2\/media\/152"}],"wp:attachment":[{"href":"http:\/\/www.foltin.at\/wp\/index.php?rest_route=%2Fwp%2Fv2%2Fmedia&parent=88"}],"curies":[{"name":"wp","href":"https:\/\/api.w.org\/{rel}","templated":true}]}}